{"id":19,"date":"2021-04-08T15:28:54","date_gmt":"2021-04-08T13:28:54","guid":{"rendered":"https:\/\/www.rudahl.de\/wp\/?page_id=19"},"modified":"2021-04-22T18:10:57","modified_gmt":"2021-04-22T16:10:57","slug":"impressum","status":"publish","type":"page","link":"https:\/\/www.rudahl.de\/wp\/?page_id=19","title":{"rendered":"Impressum"},"content":{"rendered":"\t\t<div data-elementor-type=\"wp-page\" data-elementor-id=\"19\" class=\"elementor elementor-19\" data-elementor-settings=\"[]\">\n\t\t\t\t\t\t\t<div class=\"elementor-section-wrap\">\n\t\t\t\t\t\t\t<section class=\"elementor-section elementor-top-section elementor-element elementor-element-3b80577e elementor-section-boxed elementor-section-height-default elementor-section-height-default\" data-id=\"3b80577e\" data-element_type=\"section\" data-settings=\"{&quot;background_background&quot;:&quot;classic&quot;}\">\n\t\t\t\t\t\t\t<div class=\"elementor-background-overlay\"><\/div>\n\t\t\t\t\t\t\t<div class=\"elementor-container elementor-column-gap-no\">\n\t\t\t\t\t<div class=\"elementor-column elementor-col-100 elementor-top-column elementor-element elementor-element-190c3bec\" data-id=\"190c3bec\" data-element_type=\"column\" data-settings=\"{&quot;background_background&quot;:&quot;classic&quot;}\">\n\t\t\t<div class=\"elementor-widget-wrap elementor-element-populated\">\n\t\t\t\t\t\t\t\t<div class=\"elementor-element elementor-element-95807c6 elementor-align-right elementor-widget elementor-widget-button\" data-id=\"95807c6\" data-element_type=\"widget\" data-widget_type=\"button.default\">\n\t\t\t\t<div class=\"elementor-widget-container\">\n\t\t\t\t\t<div class=\"elementor-button-wrapper\">\n\t\t\t<a href=\"#\" class=\"elementor-button-link elementor-button elementor-size-sm\" role=\"button\" id=\"btn-back\">\n\t\t\t\t\t\t<span class=\"elementor-button-content-wrapper\">\n\t\t\t\t\t\t<span class=\"elementor-button-text\">Zur\u00fcck<\/span>\n\t\t<\/span>\n\t\t\t\t\t<\/a>\n\t\t<\/div>\n\t\t\t\t<\/div>\n\t\t\t\t<\/div>\n\t\t\t\t<div class=\"elementor-element elementor-element-5a931281 elementor-invisible elementor-widget elementor-widget-heading\" data-id=\"5a931281\" data-element_type=\"widget\" data-settings=\"{&quot;_animation&quot;:&quot;fadeIn&quot;,&quot;_animation_delay&quot;:100}\" data-widget_type=\"heading.default\">\n\t\t\t\t<div class=\"elementor-widget-container\">\n\t\t\t<h2 class=\"elementor-heading-title elementor-size-default\">Impressum<\/h2>\t\t<\/div>\n\t\t\t\t<\/div>\n\t\t\t\t<div class=\"elementor-element elementor-element-36065c4d elementor-widget-divider--view-line elementor-widget elementor-widget-divider\" data-id=\"36065c4d\" data-element_type=\"widget\" data-widget_type=\"divider.default\">\n\t\t\t\t<div class=\"elementor-widget-container\">\n\t\t\t\t\t<div class=\"elementor-divider\">\n\t\t\t<span class=\"elementor-divider-separator\">\n\t\t\t\t\t\t<\/span>\n\t\t<\/div>\n\t\t\t\t<\/div>\n\t\t\t\t<\/div>\n\t\t\t\t<div class=\"elementor-element elementor-element-36eecd5 elementor-widget elementor-widget-text-editor\" data-id=\"36eecd5\" data-element_type=\"widget\" data-widget_type=\"text-editor.default\">\n\t\t\t\t<div class=\"elementor-widget-container\">\n\t\t\t\t\t\t\t<div title=\"Page 1\"><div style=\"background-color: rgb(100.000000%, 100.000000%, 100.000000%);\"><div><div><p><span style=\"font-size: 21.000000pt; font-family: 'Times'; font-weight: bold;\">Angaben gem\u00e4\u00df \u00a7 5 TMG <\/span><\/p><\/div><\/div><div><div><p><span style=\"font-size: 13.000000pt; font-family: 'Times';\">Ronny Rudahl<\/span><span style=\"font-size: 13.000000pt; font-family: 'LucidaGrande';\"><br \/><\/span><span style=\"font-size: 13.000000pt; font-family: 'Times';\">Am Ziegelkamp 18<\/span><span style=\"font-size: 13.000000pt; font-family: 'LucidaGrande';\"><br \/><\/span><span style=\"font-size: 13.000000pt; font-family: 'Times';\">38239 Salzgitter <\/span><\/p><\/div><\/div><div><div><p><span style=\"font-size: 21.000000pt; font-family: 'Times'; font-weight: bold;\">Kontakt <\/span><\/p><\/div><\/div><div><div><p><span style=\"font-size: 13.000000pt; font-family: 'Times';\">E-Mail: webmaster@rudahl.de <\/span><\/p><\/div><\/div><div><div><p><span style=\"font-size: 16.000000pt; font-family: 'Times'; font-weight: bold;\">Haftung f\u00fcr Inhalte <\/span><\/p><\/div><\/div><div><div><p><span style=\"font-size: 13.000000pt; font-family: 'Times';\">Als Diensteanbieter sind wir gem\u00e4\u00df \u00a7 7 Abs.1 TMG f\u00fcr eigene Inhalte auf diesen Seiten<\/span><span style=\"font-size: 13.000000pt; font-family: 'Times';\"> nach den allgemeinen Gesetzen verantwortlich. Nach \u00a7\u00a7 8 bis 10 TMG sind wir als<\/span><span style=\"font-size: 13.000000pt; font-family: 'Times';\"> Diensteanbieter jedoch nicht verpflichtet, \u00fcbermittelte oder gespeicherte fremde<\/span><span style=\"font-size: 13.000000pt; font-family: 'Times';\"> Informationen zu \u00fcberwachen oder nach Umst\u00e4nden zu forschen, die auf eine<\/span><span style=\"font-size: 13.000000pt; font-family: 'Times';\"> rechtswidrige T\u00e4tigkeit hinweisen.<\/span><span style=\"font-size: 13.000000pt; font-family: 'Times';\"><br \/><\/span><\/p><p><span style=\"font-size: 13.000000pt; font-family: 'Times';\">Verpflichtungen zur Entfernung oder Sperrung der Nutzung von Informationen nach den<\/span><span style=\"font-size: 13.000000pt; font-family: 'Times';\"> allgemeinen Gesetzen bleiben hiervon unber\u00fchrt. Eine diesbez\u00fcgliche Haftung ist jedoch<\/span><span style=\"font-size: 13.000000pt; font-family: 'Times';\"> erst ab dem Zeitpunkt der Kenntnis einer konkreten Rechtsverletzung m\u00f6glich. Bei<\/span><span style=\"font-size: 13.000000pt; font-family: 'Times';\"> Bekanntwerden von entsprechenden Rechtsverletzungen werden wir diese Inhalte<\/span><span style=\"font-size: 13.000000pt; font-family: 'Times';\"> umgehend entfernen.<br \/><\/span><\/p><div title=\"Page 1\"><div style=\"background-color: rgb(100.000000%, 100.000000%, 100.000000%);\"><div><div><p><span style=\"font-size: 16.000000pt; font-family: 'Times'; font-weight: bold;\">Haftung f\u00fcr Links<br \/><\/span><\/p><\/div><\/div><div><div><p><span style=\"font-size: 13.000000pt; font-family: 'Times';\">Unser Angebot enth\u00e4lt Links zu externen Websites Dritter, auf deren Inhalte wir keinen Einfluss haben. Deshalb k\u00f6nnen wir f\u00fcr diese fremden Inhalte auch keine Gew\u00e4hr \u00fcbernehmen. F\u00fcr die Inhalte der verlinkten Seiten ist stets der jeweilige Anbieter oder Betreiber der Seiten verantwortlich. Die verlinkten Seiten wurden zum Zeitpunkt der Verlinkung auf m\u00f6gliche Rechtsverst\u00f6\u00dfe \u00fcberpr\u00fcft. Rechtswidrige Inhalte waren zum Zeitpunkt der Verlinkung nicht erkennbar. Eine permanente inhaltliche Kontrolle der verlinkten Seiten ist jedoch ohne konkrete Anhaltspunkte einer Rechtsverletzung nicht zumutbar. Bei Bekanntwerden von Rechtsverletzungen werden wir derartige Links umgehend entfernen.<br \/><\/span><\/p><div class=\"page\" title=\"Page 1\"><div class=\"section\" style=\"background-color: rgb(100.000000%, 100.000000%, 100.000000%);\"><div class=\"layoutArea\"><div class=\"column\"><p><span style=\"font-size: 16.000000pt; font-family: 'Times'; font-weight: bold;\">Urheberrecht<br \/><\/span><\/p><\/div><\/div><div class=\"layoutArea\"><div class=\"column\"><p><span style=\"font-size: 13.000000pt; font-family: 'Times';\">Die durch die Seitenbetreiber erstellten Inhalte und Werke auf diesen Seiten unterliegen dem deutschen Urheberrecht. Die Vervielf\u00e4ltigung, Bearbeitung, Verbreitung und jede Art der Verwertung au\u00dferhalb der Grenzen des Urheberrechtes bed\u00fcrfen der schriftlichen Zustimmung des jeweiligen Autors bzw. Erstellers. Downloads und Kopien dieser Seite sind nur f\u00fcr den privaten, nicht kommerziellen Gebrauch gestattet.<br \/><\/span><\/p><\/div><\/div><div class=\"layoutArea\"><div class=\"column\">\u00a0<\/div><\/div><\/div><\/div><div class=\"page\" title=\"Page 2\"><div class=\"section\" style=\"background-color: rgb(100.000000%, 100.000000%, 100.000000%);\"><div class=\"layoutArea\"><div class=\"column\"><p><span style=\"font-size: 13.000000pt; font-family: 'Times';\">Soweit die Inhalte auf dieser Seite nicht vom Betreiber erstellt wurden, werden die Urheberrechte Dritter beachtet. Insbesondere werden Inhalte Dritter als solche gekennzeichnet. Sollten Sie trotzdem auf eine Urheberrechtsverletzung aufmerksam werden, bitten wir um einen entsprechenden Hinweis. Bei Bekanntwerden von Rechtsverletzungen werden wir derartige Inhalte umgehend entfernen.<br \/><\/span><\/p><\/div><\/div><div class=\"layoutArea\"><div class=\"column\">\u00a0<\/div><\/div><div class=\"layoutArea\"><div class=\"column\"><p><span style=\"font-size: 13.000000pt; font-family: 'Times';\">Quelle: <\/span><a href=\"https:\/\/www.e-recht24.de\/impressum-generator.html\" target=\"_blank\" rel=\"noopener\">https:\/\/www.e-recht24.de\/impressum-generator.html<\/a><\/p><\/div><\/div><\/div><\/div><\/div><\/div><\/div><\/div><\/div><\/div><\/div><\/div>\t\t\t\t\t\t<\/div>\n\t\t\t\t<\/div>\n\t\t\t\t\t<\/div>\n\t\t<\/div>\n\t\t\t\t\t\t\t<\/div>\n\t\t<\/section>\n\t\t\t\t\t\t<\/div>\n\t\t\t\t\t<\/div>\n\t\t","protected":false},"excerpt":{"rendered":"<p>Zur\u00fcck Impressum Angaben gem\u00e4\u00df \u00a7 5 TMG Ronny RudahlAm Ziegelkamp 1838239 Salzgitter Kontakt E-Mail: webmaster@rudahl.de Haftung f\u00fcr Inhalte Als Diensteanbieter sind wir gem\u00e4\u00df \u00a7 7 Abs.1 TMG f\u00fcr eigene Inhalte auf diesen Seiten nach den allgemeinen Gesetzen verantwortlich. Nach \u00a7\u00a7 8 bis 10 TMG sind wir als Diensteanbieter jedoch nicht verpflichtet, \u00fcbermittelte oder gespeicherte fremde [&hellip;]<\/p>\n","protected":false},"author":1,"featured_media":0,"parent":0,"menu_order":0,"comment_status":"closed","ping_status":"closed","template":"","meta":{"footnotes":""},"class_list":["post-19","page","type-page","status-publish","hentry","entry"],"_links":{"self":[{"href":"https:\/\/www.rudahl.de\/wp\/index.php?rest_route=\/wp\/v2\/pages\/19","targetHints":{"allow":["GET"]}}],"collection":[{"href":"https:\/\/www.rudahl.de\/wp\/index.php?rest_route=\/wp\/v2\/pages"}],"about":[{"href":"https:\/\/www.rudahl.de\/wp\/index.php?rest_route=\/wp\/v2\/types\/page"}],"author":[{"embeddable":true,"href":"https:\/\/www.rudahl.de\/wp\/index.php?rest_route=\/wp\/v2\/users\/1"}],"replies":[{"embeddable":true,"href":"https:\/\/www.rudahl.de\/wp\/index.php?rest_route=%2Fwp%2Fv2%2Fcomments&post=19"}],"version-history":[{"count":21,"href":"https:\/\/www.rudahl.de\/wp\/index.php?rest_route=\/wp\/v2\/pages\/19\/revisions"}],"predecessor-version":[{"id":175,"href":"https:\/\/www.rudahl.de\/wp\/index.php?rest_route=\/wp\/v2\/pages\/19\/revisions\/175"}],"wp:attachment":[{"href":"https:\/\/www.rudahl.de\/wp\/index.php?rest_route=%2Fwp%2Fv2%2Fmedia&parent=19"}],"curies":[{"name":"wp","href":"https:\/\/api.w.org\/{rel}","templated":true}]}}